{"id":974,"date":"2025-06-05T16:36:07","date_gmt":"2025-06-05T20:36:07","guid":{"rendered":"https:\/\/impactcirculaire.ccmm.ca\/?page_id=974"},"modified":"2025-12-12T11:23:05","modified_gmt":"2025-12-12T16:23:05","slug":"responsible-purchasing-strategy","status":"publish","type":"page","link":"https:\/\/impactcirculaire.ccmm.ca\/en\/responsible-purchasing-strategy\/","title":{"rendered":"04 Responsible purchasing strategy"},"content":{"rendered":"\n<div class=\"wp-block-group has-global-padding is-layout-constrained wp-block-group-is-layout-constrained\">\n<h2 class=\"wp-block-heading has-text-align-center is-style-with-ellipse is-style-with-ellipse--1\">Plan<\/h2>\n\n\n\n<h2 class=\"wp-block-heading has-text-align-center is-style-default has-xxx-large-font-size\">Responsible procurement strategy<\/h2>\n\n\n\n<p class=\"has-text-align-center has-large-font-size\">This category covers activities in the products and goods life cycle, from purchasing to sharing, up to their distribution.<\/p>\n\n\n\n<p class=\"has-text-align-center has-large-font-size\">The actions presented here are for businesses that want to implement a sustainable purchasing strategy and goods and resources sharing. Purchasing criteria can include location, for example, a purchasing radius of 100 km, ownership by a woman or someone from an ethnoculturally diverse group, specific certifications or suppliers\u2019 environmental measures.<\/p>\n<\/div>\n\n\n\n<div class=\"wp-block-group alignfull has-global-padding is-layout-constrained wp-block-group-is-layout-constrained\" style=\"margin-top:40px;padding-bottom:48px\">\n<div class=\"wp-block-group is-style-actions-navigation is-layout-grid wp-container-core-group-is-layout-d02e3b4f wp-block-group-is-layout-grid is-style-actions-navigation--2\">\n<div class=\"wp-block-group is-content-justification-start is-layout-flex wp-container-core-group-is-layout-cdcdf1f7 wp-block-group-is-layout-flex\">\n<div class=\"wp-block-buttons is-layout-flex wp-block-buttons-is-layout-flex\">\n<div class=\"wp-block-button actions-back-button\"><a class=\"wp-block-button__link wp-element-button\" href=\"https:\/\/impactcirculaire.ccmm.ca\/en\/explore\/\">\n                        <span class=\"link-text\">Return to <strong>Explore<\/strong><\/span>\n                    <\/a><\/div>\n<\/div>\n<\/div>\n\n\n\n<div class=\"wp-block-group is-style-actions-navigation-menu is-layout-flex wp-container-core-group-is-layout-ea8b11be wp-block-group-is-layout-flex is-style-actions-navigation-menu--3\">\n<ul class=\"wp-block-list\">\n<li>\n                    <a href=\"#action-1\">Action 1<\/a>\n                <\/li>\n\n\n\n<li>\n                    <a href=\"#action-2\">Action 2<\/a>\n                <\/li>\n\n\n\n<li>\n                    <a href=\"#action-3\">Action 3<\/a>\n                <\/li>\n\n\n\n<li><a href=\"#soutiller\">Tools<\/a><\/li>\n<\/ul>\n<\/div>\n<\/div>\n<\/div>\n\n\n\n<div class=\"wp-block-group alignfull is-style-white-with-light-blue-wave has-global-padding is-layout-constrained wp-block-group-is-layout-constrained is-style-white-with-light-blue-wave--4\" id=\"action-1\" style=\"margin-top:0px;padding-top:140px;padding-bottom:120px\">\n<div class=\"wp-block-group has-global-padding is-content-justification-left is-layout-constrained wp-container-core-group-is-layout-a1935eb4 wp-block-group-is-layout-constrained\">\n<div class=\"wp-block-group is-layout-flow wp-block-group-is-layout-flow\">\n<p class=\"is-style-badge-action-green is-style-badge-action-green--5\">\n                Action 1            <\/p>\n\n\n\n<h2 class=\"wp-block-heading\"><span style=\"color: var(--wp--preset--color--green-main);\">Develop<\/span> a responsible purchasing policy in business<\/h2>\n\n\n\n<p class=\"has-large-font-size\">Responsible purchasing in business is a principle for purchasing goods and services that meet environmental, economic and social criteria. Many responsible purchasing efforts are within reach, such as buying from local businesses or suppliers based on their environmental measures.<\/p>\n<\/div>\n\n\n\n<div class=\"wp-block-group alignfull is-style-accordion-section accordion-section is-layout-flow wp-block-group-is-layout-flow is-style-accordion-section--6\">\n<div class=\"wp-block-group accordion-section-title is-layout-flow wp-block-group-is-layout-flow\" style=\"border-bottom-color:var(--wp--preset--color--light-petrol);border-bottom-style:solid;border-bottom-width:1px;padding-top:25px;padding-right:20px;padding-bottom:25px;padding-left:0px\">\n<h3 class=\"wp-block-heading is-opened\">Guides and reference material<\/h3>\n<\/div>\n\n\n\n<ul class=\"wp-block-list accordion-section-content-links\">\n<li><a href=\"https:\/\/www.ecpar.org\/en\/about-us\/\" target=\"_blank\" rel=\"noreferrer noopener\">Network of organizations for responsible purchasing, RECYC-QU\u00c9BEC<\/a><\/li>\n\n\n\n<li><a href=\"https:\/\/ecpar-prod.nyc3.digitaloceanspaces.com\/ecpar-prod\/static\/documents\/ECPAR_StimulerEconomieCirculaireAR_Rapport_vf_2023-10-03.pdf\" target=\"_blank\" rel=\"noreferrer noopener\">Stimulate the circular economy with responsible purchasing, ECPAR<\/a><\/li>\n\n\n\n<li><a href=\"https:\/\/publications.msss.gouv.qc.ca\/msss\/fichiers\/2024\/24-733-01W.pdf\" target=\"_blank\" rel=\"noreferrer noopener\">Reference framework for responsible purchasing, Government of Quebec<\/a><\/li>\n\n\n\n<li><a href=\"https:\/\/cdn-contenu.quebec.ca\/cdn-contenu\/adm\/min\/affaires-municipales\/publications\/plainte_gestion_contractuelle\/gestion_contractuelle\/GUI_acquisition_responsable.pdf\" target=\"_blank\" rel=\"noreferrer noopener\">Guide on developing a responsible purchasing policy, Ville de Montr\u00e9al<\/a><\/li>\n\n\n\n<li><a href=\"https:\/\/incita.coop\/2022\/10\/10\/politique-ecoresponsable-a-plagier-allegrement\/\" target=\"_blank\" rel=\"noreferrer noopener\">Environmentally responsible policy to copy from freely, Incita.coop<\/a><\/li>\n\n\n\n<li><a href=\"https:\/\/www.recyc-quebec.gouv.qc.ca\/sites\/default\/files\/documents\/politique-eve-ecoresponsables.pdf\" target=\"_blank\" rel=\"noreferrer noopener\">Policy on environmentally responsible events&nbsp;<\/a><\/li>\n\n\n\n<li><a href=\"https:\/\/evenementecoresponsable.com\/repertoire\/\" target=\"_blank\" rel=\"noreferrer noopener\">Directory of suppliers, Conseil qu\u00e9b\u00e9cois des \u00e9v\u00e9nements \u00e9coresponsables<\/a><\/li>\n\n\n\n<li><a href=\"https:\/\/concertationmtl.ca\/wp-content\/uploads\/pdf\/Rapport-cartographie-economie-circulaire-CMTL.pdf\" target=\"_blank\" rel=\"noreferrer noopener\">Circular economy map, Concertation Montr\u00e9al<\/a><\/li>\n\n\n\n<li><a href=\"https:\/\/ocresponsable.com\/\" target=\"_blank\" rel=\"noreferrer noopener\">L&#8217;OCR, Observatoire de la consommation responsable<\/a><\/li>\n\n\n\n<li><a href=\"https:\/\/www.quebeccirculaire.org\/project\/h\/montreal-circulaire.html\" target=\"_blank\" rel=\"noreferrer noopener\">Montr\u00e9al Circulaire<\/a><\/li>\n\n\n\n<li><a href=\"https:\/\/www.quebeccirculaire.org\/\" target=\"_blank\" rel=\"noreferrer noopener\">Qu\u00e9bec Circulaire<\/a><\/li>\n<\/ul>\n<\/div>\n\n\n\n<div class=\"wp-block-group alignfull is-style-accordion-section accordion-section is-layout-flow wp-block-group-is-layout-flow is-style-accordion-section--7\">\n<div class=\"wp-block-group accordion-section-title is-layout-flow wp-block-group-is-layout-flow\" style=\"border-bottom-color:var(--wp--preset--color--light-petrol);border-bottom-style:solid;border-bottom-width:1px;padding-top:25px;padding-right:20px;padding-bottom:25px;padding-left:0px\">\n<h3 class=\"wp-block-heading is-opened\">Support services and funding programs<\/h3>\n<\/div>\n\n\n\n<ul class=\"wp-block-list accordion-section-content-links\">\n<li><a href=\"https:\/\/www.ecpar.org\/fr\/services\/\" target=\"_blank\" rel=\"noreferrer noopener\">Services, Network of organizations for responsible purchasing&nbsp;<\/a><\/li>\n\n\n\n<li><a href=\"https:\/\/pmemtl.com\/outils-et-ressources\/synergie-montreal\" target=\"_blank\" rel=\"noreferrer noopener\">Synergie Montr\u00e9al, PME MTL<\/a><\/li>\n<\/ul>\n<\/div>\n\n\n\n<div class=\"wp-block-group alignfull is-style-list-accordions-with-text is-layout-flow wp-block-group-is-layout-flow is-style-list-accordions-with-text--8\">\n<div class=\"wp-block-group is-layout-flow wp-block-group-is-layout-flow\" style=\"border-bottom-color:var(--wp--preset--color--light-petrol);border-bottom-style:solid;border-bottom-width:1px;padding-top:25px;padding-right:20px;padding-bottom:25px;padding-left:0px\">\n<h3 class=\"wp-block-heading is-opened\">Sample case<\/h3>\n<\/div>\n\n\n\n<div class=\"wp-block-group is-layout-flow wp-block-group-is-layout-flow\" style=\"margin-top:0px\">\n<div class=\"wp-block-group alignfull is-style-accordion-with-text accordion-with-text is-layout-flow wp-block-group-is-layout-flow is-style-accordion-with-text--9\">\n<p class=\"accordion-title has-petrol-color has-text-color has-medium-font-size\" style=\"padding-top:20px;padding-right:75px;padding-bottom:20px;padding-left:20px;font-style:normal;font-weight:700\">Complete rechargeable battery service, GPS Climat<\/p>\n\n\n\n<div class=\"wp-block-group accordion-content has-global-padding is-content-justification-left is-layout-constrained wp-container-core-group-is-layout-9d64a9f4 wp-block-group-is-layout-constrained\" style=\"margin-top:0px;margin-bottom:30px;padding-right:0px;padding-left:20px\">\n<p>To reduce toxic waste from the overconsumption of disposable AA and AAA batteries in the workplace, a major television network switched to rechargeable batteries, in addition to introducing an effective charging and delivery system that extends battery life. The network consumed 10,000 single-use batteries every year. Batteries can now be charged up to 150 times before disposal.<\/p>\n\n\n\n<p><a href=\"https:\/\/gpsclimat.com\/solutions\/production-d-energie\/piles-rechargeables-soutenues-par-un-service-de-livraison-et-de-gestion-de-parcs-de-piles\" target=\"_blank\" rel=\"noreferrer noopener\">En savoir plus<\/a><\/p>\n<\/div>\n<\/div>\n\n\n\n<div class=\"wp-block-group alignfull is-style-accordion-with-text accordion-with-text is-layout-flow wp-block-group-is-layout-flow is-style-accordion-with-text--10\">\n<p class=\"accordion-title has-petrol-color has-text-color has-medium-font-size\" style=\"padding-top:20px;padding-right:75px;padding-bottom:20px;padding-left:20px;font-style:normal;font-weight:700\">R\u00e9seau, Bureautique for environmentally friendly office furniture&nbsp;<\/p>\n\n\n\n<div class=\"wp-block-group accordion-content has-global-padding is-content-justification-left is-layout-constrained wp-container-core-group-is-layout-9d64a9f4 wp-block-group-is-layout-constrained\" style=\"margin-top:0px;margin-bottom:30px;padding-right:0px;padding-left:20px\">\n<p><\/p>\n\n\n\n<p><a href=\"https:\/\/www.reseaub.com\/\" target=\"_blank\" rel=\"noreferrer noopener\">En savoir plus<\/a><\/p>\n<\/div>\n<\/div>\n\n\n\n<div class=\"wp-block-group alignfull is-style-accordion-with-text accordion-with-text is-layout-flow wp-block-group-is-layout-flow is-style-accordion-with-text--11\">\n<p class=\"accordion-title has-petrol-color has-text-color has-medium-font-size\" style=\"padding-top:20px;padding-right:75px;padding-bottom:20px;padding-left:20px;font-style:normal;font-weight:700\">Le Collectif Bienvenue,  Welcome Collective<\/p>\n\n\n\n<div class=\"wp-block-group accordion-content has-global-padding is-content-justification-left is-layout-constrained wp-container-core-group-is-layout-9d64a9f4 wp-block-group-is-layout-constrained\" style=\"margin-top:0px;margin-bottom:30px;padding-right:0px;padding-left:20px\">\n<p><\/p>\n\n\n\n<p><a href=\"https:\/\/www.welcomecollective.org\/\" target=\"_blank\" rel=\"noreferrer noopener\">En savoir plus<\/a><\/p>\n<\/div>\n<\/div>\n<\/div>\n<\/div>\n<\/div>\n<\/div>\n\n\n\n<div class=\"wp-block-group alignfull is-style-cream-with-green-wave has-global-padding is-layout-constrained wp-block-group-is-layout-constrained is-style-cream-with-green-wave--12\" id=\"action-2\" style=\"margin-top:0px;padding-top:140px;padding-bottom:120px\">\n<div class=\"wp-block-group has-global-padding is-content-justification-left is-layout-constrained wp-container-core-group-is-layout-a1935eb4 wp-block-group-is-layout-constrained\">\n<div class=\"wp-block-group is-layout-flow wp-block-group-is-layout-flow\">\n<p class=\"is-style-badge-action-blue is-style-badge-action-blue--13\">\n                Action 2            <\/p>\n\n\n\n<h2 class=\"wp-block-heading\"><span style=\"color: var(--wp--preset--color--blue-light);\">Facilitate<\/span> resource and equipment sharing between employees or businesses<\/h2>\n\n\n\n<p class=\"has-large-font-size\">To limit the production of good, products, equipment and materials, it may be a good idea to introduce a platform for second hand exchanges between businesses to extend their life to find new uses, or to have a platform for renting goods.<\/p>\n<\/div>\n\n\n\n<div class=\"wp-block-group alignfull is-style-accordion-section accordion-section is-layout-flow wp-block-group-is-layout-flow is-style-accordion-section--14\">\n<div class=\"wp-block-group accordion-section-title is-layout-flow wp-block-group-is-layout-flow\" style=\"border-bottom-color:var(--wp--preset--color--light-petrol);border-bottom-style:solid;border-bottom-width:1px;padding-top:25px;padding-right:20px;padding-bottom:25px;padding-left:0px\">\n<h3 class=\"wp-block-heading is-opened\">Support services and funding programs<\/h3>\n<\/div>\n\n\n\n<ul class=\"wp-block-list accordion-section-content-links\">\n<li><a href=\"https:\/\/www.mine-urbaine.org\/\" target=\"_blank\" rel=\"noreferrer noopener\">Mine urbaine | Recovery of waste&nbsp;<\/a><\/li>\n\n\n\n<li><a href=\"https:\/\/play.google.com\/store\/apps\/details?id=club.partage.mobile&amp;hl=fr_CA&amp;pli=1\" target=\"_blank\" rel=\"noreferrer noopener\">Partage Club&nbsp;<\/a><\/li>\n\n\n\n<li><a href=\"https:\/\/finadd.laruchequebec.com\/fmc\" target=\"_blank\" rel=\"noreferrer noopener\">Fonds Moins c\u2019est plus (FMC+), La Ruche et RECYC-QU\u00c9BEC<\/a><\/li>\n<\/ul>\n<\/div>\n\n\n\n<div class=\"wp-block-group alignfull is-style-list-accordions-with-text is-layout-flow wp-block-group-is-layout-flow is-style-list-accordions-with-text--15\">\n<div class=\"wp-block-group is-layout-flow wp-block-group-is-layout-flow\" style=\"border-bottom-color:var(--wp--preset--color--light-petrol);border-bottom-style:solid;border-bottom-width:1px;padding-top:25px;padding-right:20px;padding-bottom:25px;padding-left:0px\">\n<h3 class=\"wp-block-heading is-opened\">Sample case<\/h3>\n<\/div>\n\n\n\n<div class=\"wp-block-group is-layout-flow wp-block-group-is-layout-flow\" style=\"margin-top:0px\">\n<div class=\"wp-block-group alignfull is-style-accordion-with-text accordion-with-text is-layout-flow wp-block-group-is-layout-flow is-style-accordion-with-text--16\">\n<p class=\"accordion-title has-petrol-color has-text-color has-medium-font-size\" style=\"padding-top:20px;padding-right:75px;padding-bottom:20px;padding-left:20px;font-style:normal;font-weight:700\">Partage Club: A concrete example<\/p>\n\n\n\n<div class=\"wp-block-group accordion-content has-global-padding is-content-justification-left is-layout-constrained wp-container-core-group-is-layout-9d64a9f4 wp-block-group-is-layout-constrained\" style=\"margin-top:0px;margin-bottom:30px;padding-right:0px;padding-left:20px\">\n<p><\/p>\n\n\n\n<p><a href=\"https:\/\/www.partage.club\/\" target=\"_blank\" rel=\"noreferrer noopener\">En savoir plus<\/a><\/p>\n<\/div>\n<\/div>\n\n\n\n<div class=\"wp-block-group alignfull is-style-accordion-with-text accordion-with-text is-layout-flow wp-block-group-is-layout-flow is-style-accordion-with-text--17\">\n<p class=\"accordion-title has-petrol-color has-text-color has-medium-font-size\" style=\"padding-top:20px;padding-right:75px;padding-bottom:20px;padding-left:20px;font-style:normal;font-weight:700\">Simplex: tool rental<\/p>\n\n\n\n<div class=\"wp-block-group accordion-content has-global-padding is-content-justification-left is-layout-constrained wp-container-core-group-is-layout-9d64a9f4 wp-block-group-is-layout-constrained\" style=\"margin-top:0px;margin-bottom:30px;padding-right:0px;padding-left:20px\">\n<p><\/p>\n\n\n\n<p><a href=\"https:\/\/www.simplex.ca\/en\" target=\"_blank\" rel=\"noreferrer noopener\">En savoir plus<\/a><\/p>\n<\/div>\n<\/div>\n\n\n\n<div class=\"wp-block-group alignfull is-style-accordion-with-text accordion-with-text is-layout-flow wp-block-group-is-layout-flow is-style-accordion-with-text--18\">\n<p class=\"accordion-title has-petrol-color has-text-color has-medium-font-size\" style=\"padding-top:20px;padding-right:75px;padding-bottom:20px;padding-left:20px;font-style:normal;font-weight:700\">Plateforme Rebond, un partenariat du Conseil qu\u00e9b\u00e9cois du commerce de d\u00e9tail et RECYC-QU\u00c9BEC<\/p>\n\n\n\n<div class=\"wp-block-group accordion-content has-global-padding is-content-justification-left is-layout-constrained wp-container-core-group-is-layout-9d64a9f4 wp-block-group-is-layout-constrained\" style=\"margin-top:0px;margin-bottom:30px;padding-right:0px;padding-left:20px\">\n<p><\/p>\n\n\n\n<p><a href=\"https:\/\/www.cqcd.org\/partners\/grande-tournee-du-detail\/plateforme-rebond\/\" target=\"_blank\" rel=\"noreferrer noopener\">En savoir plus<\/a><\/p>\n<\/div>\n<\/div>\n<\/div>\n<\/div>\n<\/div>\n<\/div>\n\n\n\n<div class=\"wp-block-group alignfull is-style-white-with-green-bottom-wave has-global-padding is-layout-constrained wp-block-group-is-layout-constrained is-style-white-with-green-bottom-wave--19\" id=\"action-3\" style=\"margin-top:0px;padding-top:140px;padding-bottom:200px\">\n<div class=\"wp-block-group has-global-padding is-content-justification-left is-layout-constrained wp-container-core-group-is-layout-a1935eb4 wp-block-group-is-layout-constrained\">\n<div class=\"wp-block-group is-layout-flow wp-block-group-is-layout-flow\">\n<p class=\"is-style-badge-action-green is-style-badge-action-green--20\">\n                Action 3            <\/p>\n\n\n\n<h2 class=\"wp-block-heading\"><span style=\"color: var(--wp--preset--color--green-main);\">Mutualize<\/span> resources through inter-company synergy<\/h2>\n\n\n\n<p class=\"has-large-font-size\">Enable businesses to exchange resources, goods and raw materials. This offers a second life to a company\u2019s unused or unsold materials by transforming them into inputs for another.<\/p>\n<\/div>\n\n\n\n<div class=\"wp-block-group alignfull is-style-accordion-section accordion-section is-layout-flow wp-block-group-is-layout-flow is-style-accordion-section--21\">\n<div class=\"wp-block-group accordion-section-title is-layout-flow wp-block-group-is-layout-flow\" style=\"border-bottom-color:var(--wp--preset--color--light-petrol);border-bottom-style:solid;border-bottom-width:1px;padding-top:25px;padding-right:20px;padding-bottom:25px;padding-left:0px\">\n<h3 class=\"wp-block-heading is-opened\">Support services and funding programs<\/h3>\n<\/div>\n\n\n\n<ul class=\"wp-block-list accordion-section-content-links\">\n<li><a href=\"https:\/\/pmemtl.com\/outils-et-ressources\/synergie-montreal\" target=\"_blank\" rel=\"noreferrer noopener\">Synergie Montr\u00e9al, PME MTL<\/a><\/li>\n\n\n\n<li><a href=\"https:\/\/www.quebeccirculaire.org\/project\/h\/montreal-circulaire.html\" target=\"_blank\" rel=\"noreferrer noopener\">Montr\u00e9al Circulaire<\/a><\/li>\n\n\n\n<li><a href=\"https:\/\/www.quebeccirculaire.org\/\" target=\"_blank\" rel=\"noreferrer noopener\">Qu\u00e9bec Circulaire<\/a><\/li>\n\n\n\n<li><a href=\"https:\/\/www.gpsclimat.com\/\">GPS Climat<\/a><\/li>\n\n\n\n<li><a href=\"https:\/\/propulsionquebec.com\/en\/\" target=\"_blank\" rel=\"noreferrer noopener\">Accelerate the growth of the Quebec zero-emission ground transportation industry, Propulsion Qu\u00e9bec<\/a><\/li>\n\n\n\n<li><a href=\"https:\/\/coopcarbone.coop\/\" target=\"_blank\" rel=\"noreferrer noopener\">Collaborative GHG reduction projects, Coop Carbone<\/a><\/li>\n<\/ul>\n<\/div>\n\n\n\n<div class=\"wp-block-group alignfull is-style-list-accordions-with-text is-layout-flow wp-block-group-is-layout-flow is-style-list-accordions-with-text--22\">\n<div class=\"wp-block-group is-layout-flow wp-block-group-is-layout-flow\" style=\"border-bottom-color:var(--wp--preset--color--light-petrol);border-bottom-style:solid;border-bottom-width:1px;padding-top:25px;padding-right:20px;padding-bottom:25px;padding-left:0px\">\n<h3 class=\"wp-block-heading is-opened\">Sample case<\/h3>\n<\/div>\n\n\n\n<div class=\"wp-block-group is-layout-flow wp-block-group-is-layout-flow\" style=\"margin-top:0px\">\n<div class=\"wp-block-group alignfull is-style-accordion-with-text accordion-with-text is-layout-flow wp-block-group-is-layout-flow is-style-accordion-with-text--23\">\n<p class=\"accordion-title has-petrol-color has-text-color has-medium-font-size\" style=\"padding-top:20px;padding-right:75px;padding-bottom:20px;padding-left:20px;font-style:normal;font-weight:700\">Mutualization between designers and the studio, Atelier Espace Fabrik<\/p>\n\n\n\n<div class=\"wp-block-group accordion-content has-global-padding is-content-justification-left is-layout-constrained wp-container-core-group-is-layout-9d64a9f4 wp-block-group-is-layout-constrained\" style=\"margin-top:0px;margin-bottom:30px;padding-right:0px;padding-left:20px\">\n<p>To reduce fabric waste and integrate circular economy practices, Atelier Espace Fabrik recovers destocked fabric from the ends of local designer\u2019s collections to reuse it for creative projects. It selects quality fabric in good condition from creators to make it available through the studio.&nbsp;<\/p>\n\n\n\n<p><a href=\"https:\/\/espacefabrik.com\/en\/pages\/a-propos\" target=\"_blank\" rel=\"noreferrer noopener\">En savoir plus<\/a><\/p>\n<\/div>\n<\/div>\n\n\n\n<div class=\"wp-block-group alignfull is-style-accordion-with-text accordion-with-text is-layout-flow wp-block-group-is-layout-flow is-style-accordion-with-text--24\">\n<p class=\"accordion-title has-petrol-color has-text-color has-medium-font-size\" style=\"padding-top:20px;padding-right:75px;padding-bottom:20px;padding-left:20px;font-style:normal;font-weight:700\">Reuse of jute bags, Caf\u00e9 William<\/p>\n\n\n\n<div class=\"wp-block-group accordion-content has-global-padding is-content-justification-left is-layout-constrained wp-container-core-group-is-layout-9d64a9f4 wp-block-group-is-layout-constrained\" style=\"margin-top:0px;margin-bottom:30px;padding-right:0px;padding-left:20px\">\n<p><\/p>\n\n\n\n<p><a href=\"https:\/\/cafewilliam.com\/blogs\/news\/our-jute-bags-are-reused-thanks-to-circular-economy?srsltid=AfmBOorEkUVHOnCfKTtiCM_ZMs38-Q6M4RTAoxpX8tpwwK8ty2Xh09Gi\" target=\"_blank\" rel=\"noreferrer noopener\">En savoir plus<\/a><\/p>\n<\/div>\n<\/div>\n<\/div>\n<\/div>\n<\/div>\n<\/div>\n\n\n\n<div class=\"wp-block-group alignfull is-style-light-blue-with-blue-triangle has-global-padding is-layout-constrained wp-block-group-is-layout-constrained is-style-light-blue-with-blue-triangle--25\" id=\"soutiller\" style=\"margin-top:0px;padding-top:100px;padding-bottom:100px\">\n<div class=\"wp-block-group has-global-padding is-content-justification-left is-layout-constrained wp-container-core-group-is-layout-a1935eb4 wp-block-group-is-layout-constrained\">\n<div class=\"wp-block-group is-layout-flow wp-block-group-is-layout-flow\" style=\"padding-bottom:72px\">\n<p class=\"is-style-paragraph-with-blue-ellipse is-style-paragraph-with-blue-ellipse--26\">Tools<\/p>\n\n\n\n<h2 class=\"wp-block-heading has-base-color has-text-color\">To go further<\/h2>\n\n\n\n<p class=\"has-large-font-size\">Take the next step by consulting the evolving directory of relevant circular economy resources.<\/p>\n\n\n\n<p class=\"has-large-font-size\" style=\"font-style:normal;font-weight:700\">You&#8217;ll find more actions to take, as well as expert advice.<\/p>\n<\/div>\n<\/div>\n\n\n\n<div class=\"wp-block-group is-layout-flow wp-block-group-is-layout-flow\" style=\"margin-top:0px\">\n<ul class=\"wp-block-list is-style-tools-section-links-list is-style-tools-section-links-list--27\">\n<li>\n                <a href=\"https:\/\/www.recyc-quebec.gouv.qc.ca\/\" target=\"_blank\"><p>RECYC-QU\u00c9BEC<\/p><p>To find out more<\/p><\/a>\n            <\/li>\n\n\n\n<li><a href=\"https:\/\/www.quebeccirculaire.org\/\" target=\"_blank\"><p>Qu\u00e9bec circulaire<\/p><p>To find out more<\/p><\/a><\/li>\n\n\n\n<li>\n                <a href=\"https:\/\/gpsclimat.com\/\" target=\"_blank\"><p>GPS Climat<\/p><p>To find out more<\/p><\/a>\n            <\/li>\n\n\n\n<li>\n                <a href=\"https:\/\/synergiequebec.ca\/symbioses\/synergie-montreal\/\" target=\"_blank\"><p>Synergie Montr\u00e9al<\/p><p>To find out more<\/p><\/a>\n            <\/li>\n\n\n\n<li><a href=\"https:\/\/www.etsmtl.ca\/recherche-innovation\/chaires-laboratoires-instituts-centres\/instituts-regroupements-recherche\/ceriec\" target=\"_blank\"><p>CERIEC &#8211; \u00c9TS Montr\u00e9al <\/p><p>To find out more<\/p><\/a><\/li>\n<\/ul>\n<\/div>\n<\/div>\n\n\n\n<p><\/p>\n","protected":false},"excerpt":{"rendered":"<p>Plan Responsible procurement strategy This category covers activities in the products and goods life cycle, from purchasing to sharing, up to their distribution. The actions presented here are for businesses that want to implement a sustainable purchasing strategy and goods and resources sharing. Purchasing criteria can include location, for example, a purchasing radius of 100 [&hellip;]<\/p>\n","protected":false},"author":3,"featured_media":0,"parent":0,"menu_order":0,"comment_status":"closed","ping_status":"closed","template":"","meta":{"footnotes":""},"class_list":["post-974","page","type-page","status-publish","hentry"],"_links":{"self":[{"href":"https:\/\/impactcirculaire.ccmm.ca\/en\/wp-json\/wp\/v2\/pages\/974","targetHints":{"allow":["GET"]}}],"collection":[{"href":"https:\/\/impactcirculaire.ccmm.ca\/en\/wp-json\/wp\/v2\/pages"}],"about":[{"href":"https:\/\/impactcirculaire.ccmm.ca\/en\/wp-json\/wp\/v2\/types\/page"}],"author":[{"embeddable":true,"href":"https:\/\/impactcirculaire.ccmm.ca\/en\/wp-json\/wp\/v2\/users\/3"}],"replies":[{"embeddable":true,"href":"https:\/\/impactcirculaire.ccmm.ca\/en\/wp-json\/wp\/v2\/comments?post=974"}],"version-history":[{"count":17,"href":"https:\/\/impactcirculaire.ccmm.ca\/en\/wp-json\/wp\/v2\/pages\/974\/revisions"}],"predecessor-version":[{"id":1515,"href":"https:\/\/impactcirculaire.ccmm.ca\/en\/wp-json\/wp\/v2\/pages\/974\/revisions\/1515"}],"wp:attachment":[{"href":"https:\/\/impactcirculaire.ccmm.ca\/en\/wp-json\/wp\/v2\/media?parent=974"}],"curies":[{"name":"wp","href":"https:\/\/api.w.org\/{rel}","templated":true}]}}