{"id":75,"date":"2025-04-29T16:42:27","date_gmt":"2025-04-29T20:42:27","guid":{"rendered":"https:\/\/impactcirculaire.ccmm.ca\/?page_id=75"},"modified":"2025-12-12T09:42:23","modified_gmt":"2025-12-12T14:42:23","slug":"home","status":"publish","type":"page","link":"https:\/\/impactcirculaire.ccmm.ca\/en\/","title":{"rendered":"Home"},"content":{"rendered":"\n<div class=\"wp-block-group alignfull home-banner has-global-padding is-layout-constrained wp-container-core-group-is-layout-f078265f wp-block-group-is-layout-constrained\" style=\"padding-right:0\">\n<div class=\"wp-block-columns alignfull home-banner-columns is-layout-flex wp-container-core-columns-is-layout-7e6f10c4 wp-block-columns-is-layout-flex\" style=\"margin-right:0;margin-left:auto\">\n<div class=\"wp-block-column left-column is-vertical is-content-justification-top is-layout-flex wp-container-core-column-is-layout-e6d8f077 wp-block-column-is-layout-flex\" style=\"padding-top:124px;padding-right:80px;padding-bottom:60px\">\n<figure class=\"wp-block-image is-resized logo-ccmm\"><a href=\"https:\/\/www.ccmm.ca\/fr\/convertgence\/\" target=\"_blank\"><img decoding=\"async\" src=\"https:\/\/impactcirculaire.ccmm.ca\/wp-content\/themes\/convertgence\/assets\/images\/logo-ccmm-black.svg\" alt=\"CCMM\" style=\"width:180px;height:auto\"\/><\/a><\/figure>\n\n\n\n<h1 class=\"wp-block-heading is-style-main-banner-title is-style-main-banner-title--1\">Circular Impact<\/h1>\n\n\n\n<div class=\"wp-block-group is-horizontal is-content-justification-flex-start is-nowrap is-layout-flex wp-container-core-group-is-layout-3b290a17 wp-block-group-is-layout-flex\" style=\"margin-top:60px\">\n<p class=\"has-small-font-size\" style=\"font-style:normal;font-weight:300\">As part of<\/p>\n\n\n\n<figure class=\"wp-block-image is-resized\"><img decoding=\"async\" src=\"https:\/\/impactcirculaire.ccmm.ca\/wp-content\/themes\/convertgence\/assets\/images\/logo-convertgence.png\" alt=\"Logo Convertgence\" style=\"width:225px;height:auto\"\/><\/figure>\n<\/div>\n\n\n\n<p class=\"has-x-large-font-size\" style=\"font-style:normal;font-weight:300\">Concrete actions for adopting circular economy practices in businesses as part of convertgence<\/p>\n\n\n\n<div class=\"wp-block-buttons is-layout-flex wp-block-buttons-is-layout-flex\" style=\"margin-top:var(--wp--preset--spacing--70)\">\n<div class=\"wp-block-button\"><a class=\"wp-block-button__link wp-element-button\" href=\"https:\/\/impactcirculaire.ccmm.ca\/en\/explore\/\">Explore<\/a><\/div>\n<\/div>\n<\/div>\n\n\n\n<div class=\"wp-block-column right-column-full is-layout-flow wp-block-column-is-layout-flow\" style=\"flex-basis:50vw\">\n<figure class=\"wp-block-image alignfull\" style=\"margin-bottom:0px\"><img decoding=\"async\" src=\"https:\/\/impactcirculaire.ccmm.ca\/wp-content\/themes\/convertgence\/assets\/images\/home-banner-illustration.svg\" alt=\"Illustration de banni\u00e8re\"\/><\/figure>\n<\/div>\n<\/div>\n<\/div>\n\n\n\n<div class=\"wp-block-group alignfull step-section-01 is-style-blue-circle-background has-global-padding is-layout-constrained wp-block-group-is-layout-constrained is-style-blue-circle-background--2\" style=\"margin-top:0px;padding-top:70px;padding-bottom:90px\">\n<div class=\"wp-block-columns alignwide is-layout-flex wp-container-core-columns-is-layout-28f84493 wp-block-columns-is-layout-flex\">\n<div class=\"wp-block-column left-column is-layout-flow wp-block-column-is-layout-flow\">\n<h2 class=\"wp-block-heading is-style-step-title is-style-step-title--3\">Learn more about the circular economy&nbsp;<\/h2>\n\n\n\n<h3 class=\"wp-block-heading is-style-step-subtitle is-style-step-subtitle--4\"><\/h3>\n\n\n\n<p class=\"has-large-font-size\" style=\"margin-top:32px;font-style:normal;font-weight:300;line-height:1.75rem\">The circular economy optimizes the use of available resources by rethinking the life cycle of products and services to minimize their environmental impact. It reinforces a collaborative and local purchasing approach by encouraging businesses to create synergy, fostering a more resilient, sustainable economy. <\/p>\n\n\n\n<div class=\"wp-block-group group-text-and-list is-layout-flow wp-block-group-is-layout-flow\">\n<p class=\"has-large-font-size\" style=\"font-style:normal;font-weight:300;line-height:1.75rem\">Learn more about the circular economy and how to make it part of your business:<\/p>\n\n\n\n<ul style=\"font-weight:300\" class=\"wp-block-list is-style-list-small-bullets is-style-list-small-bullets--5\">\n<li><strong><a href=\"https:\/\/www.recyc-quebec.gouv.qc.ca\/entreprises-organismes\/performer\/economie-circulaire\/\" data-type=\"link\" data-id=\"https:\/\/www.recyc-quebec.gouv.qc.ca\/entreprises-organismes\/performer\/economie-circulaire\/\" target=\"_blank\" rel=\"noreferrer noopener\"><span style=\"text-decoration: underline;\">The circular economy, a priority<\/span> :<\/a> <\/strong>definition, benefits, and initiatives: RECYC-QU\u00c9BEC presents the approach and its integration.<\/li>\n\n\n\n<li><a href=\"https:\/\/youtu.be\/CAO0qkwjV_k\" data-type=\"link\" data-id=\"https:\/\/youtu.be\/CAO0qkwjV_k\" target=\"_blank\" rel=\"noreferrer noopener\"><strong><span style=\"text-decoration: underline;\">The circular economy : leverage for your green transition<\/span><\/strong><\/a>, a webinar by H\u00e9l\u00e8ne Gervais, environmental advisor at RECYC-QU\u00c9BEC (aired on June 12, 2024).<\/li>\n<\/ul>\n<\/div>\n\n\n\n<div class=\"wp-block-group is-style-group-green-border-question-mark is-layout-flow wp-block-group-is-layout-flow is-style-group-green-border-question-mark--6\">\n<h5 class=\"wp-block-heading\" style=\"line-height:1.5rem\">12 circular economy strategies<\/h5>\n\n\n\n<div class=\"wp-block-columns is-layout-flex wp-container-core-columns-is-layout-28f84493 wp-block-columns-is-layout-flex\">\n<div class=\"wp-block-column left-column is-layout-flow wp-block-column-is-layout-flow\">\n<ul style=\"font-weight:300\" class=\"wp-block-list is-style-list-two-columns-small-bullets is-style-list-two-columns-small-bullets--7\">\n<li>Ecodesign<\/li>\n\n\n\n<li>Responsible consumption and purchasing<\/li>\n\n\n\n<li>Optimization of operations<\/li>\n\n\n\n<li>Collaborative economy<\/li>\n\n\n\n<li>Short-term rentals<\/li>\n<\/ul>\n<\/div>\n\n\n\n<div class=\"wp-block-column right-column is-layout-flow wp-block-column-is-layout-flow\">\n<ul style=\"font-weight:300\" class=\"wp-block-list is-style-list-two-columns-small-bullets is-style-list-two-columns-small-bullets--8\">\n<li>Maintenance and repair<\/li>\n\n\n\n<li>Donations and resale<\/li>\n\n\n\n<li>Reconditioning<\/li>\n\n\n\n<li>Functional economy<\/li>\n\n\n\n<li>Industrial ecology<\/li>\n\n\n\n<li>Recycling and composting<\/li>\n\n\n\n<li>Reclamation<\/li>\n<\/ul>\n<\/div>\n<\/div>\n<\/div>\n\n\n\n<div class=\"wp-block-buttons is-layout-flex wp-block-buttons-is-layout-flex\" style=\"margin-top:48px\">\n<div class=\"wp-block-button\"><a class=\"wp-block-button__link wp-element-button\" href=\"https:\/\/impactcirculaire.ccmm.ca\/en\/explore\/\">Explore<\/a><\/div>\n<\/div>\n<\/div>\n\n\n\n<div class=\"wp-block-column right-column is-content-justification-right is-layout-flex wp-container-core-column-is-layout-96e8af82 wp-block-column-is-layout-flex\" style=\"padding-top:30px\">\n<figure class=\"wp-block-image is-resized\"><img decoding=\"async\" src=\"https:\/\/impactcirculaire.ccmm.ca\/wp-content\/themes\/convertgence\/assets\/images\/etape-1-illustrations.svg\" alt=\"Illustration \u00e9tape 1\" style=\"width:464px;height:auto\"\/><\/figure>\n<\/div>\n<\/div>\n<\/div>\n\n\n\n<div class=\"wp-block-group alignfull step-section-02 is-style-vertical-blue-wave-white-background has-global-padding is-layout-constrained wp-block-group-is-layout-constrained is-style-vertical-blue-wave-white-background--9\" style=\"margin-top:0px;padding-top:150px;padding-bottom:100px\">\n<div class=\"wp-block-columns alignfull is-style-columns-align-right is-layout-flex wp-container-core-columns-is-layout-01159bbe wp-block-columns-is-layout-flex is-style-columns-align-right--10\">\n<div class=\"wp-block-column left-column is-layout-flow wp-block-column-is-layout-flow\">\n<h2 class=\"wp-block-heading is-style-step-title has-green-emerald-color has-text-color is-style-step-title--11\">Take action<\/h2>\n\n\n\n<h3 class=\"wp-block-heading is-style-step-subtitle is-style-step-subtitle--12\"><\/h3>\n\n\n\n<p class=\"has-large-font-size\" style=\"font-style:normal;font-weight:300;line-height:1.75rem\"><strong>Circular Impact<\/strong> is a scalable tool that points businesses in the direction of concrete efforts for making the circular economy part of their business practices. Explore practical resources and inspiring case studies to better use your resources and minimize your business&#8217;s environmental impact through Circular impact!<\/p>\n\n\n\n<p class=\"has-large-font-size\" style=\"font-style:normal;font-weight:300;line-height:1.75rem\">To propose services, tools and resources, contact us by filling out the form at the bottom of this page.&nbsp;<\/p>\n\n\n\n<div class=\"wp-block-buttons is-layout-flex wp-block-buttons-is-layout-flex\" style=\"margin-top:62px\">\n<div class=\"wp-block-button\"><a class=\"wp-block-button__link wp-element-button\" href=\"https:\/\/impactcirculaire.ccmm.ca\/en\/explore\/\">Explore<\/a><\/div>\n<\/div>\n<\/div>\n\n\n\n<div class=\"wp-block-column right-column is-content-justification-right is-layout-flex wp-container-core-column-is-layout-4bf92d43 wp-block-column-is-layout-flex\">\n<div class=\"wp-block-group is-style-flex-image-group-3-columns is-content-justification-center is-layout-flex wp-container-core-group-is-layout-94ea2d6b wp-block-group-is-layout-flex is-style-flex-image-group-3-columns--13\">\n<figure class=\"wp-block-image is-resized\"><img decoding=\"async\" src=\"https:\/\/impactcirculaire.ccmm.ca\/wp-content\/themes\/convertgence\/assets\/images\/step-2-illustration-1.svg\" alt=\"Illustration 1 \u00e9tape 2\" style=\"width:184px;height:auto\"\/><\/figure>\n\n\n\n<figure class=\"wp-block-image is-resized\"><img decoding=\"async\" src=\"https:\/\/impactcirculaire.ccmm.ca\/wp-content\/themes\/convertgence\/assets\/images\/step-2-illustration-2.svg\" alt=\"Illustration 2 \u00e9tape 2\" style=\"width:184px;height:auto\"\/><\/figure>\n\n\n\n<figure class=\"wp-block-image is-resized\"><img decoding=\"async\" src=\"https:\/\/impactcirculaire.ccmm.ca\/wp-content\/themes\/convertgence\/assets\/images\/step-2-illustration-3.svg\" alt=\"Illustration 3 \u00e9tape 2\" style=\"width:184px;height:auto\"\/><\/figure>\n\n\n\n<figure class=\"wp-block-image is-resized\"><img decoding=\"async\" src=\"https:\/\/impactcirculaire.ccmm.ca\/wp-content\/themes\/convertgence\/assets\/images\/step-2-illustration-4.svg\" alt=\"Illustration 4 \u00e9tape 2\" style=\"width:184px;height:auto\"\/><\/figure>\n\n\n\n<figure class=\"wp-block-image is-resized\"><img decoding=\"async\" src=\"https:\/\/impactcirculaire.ccmm.ca\/wp-content\/themes\/convertgence\/assets\/images\/step-2-illustration-5.svg\" alt=\"Illustration 5 \u00e9tape 2\" style=\"width:184px;height:auto\"\/><\/figure>\n<\/div>\n<\/div>\n<\/div>\n<\/div>\n\n\n\n<div class=\"wp-block-group alignfull step-section-03 is-style-horizontal-blue-wave-cream-background has-global-padding is-layout-constrained wp-block-group-is-layout-constrained is-style-horizontal-blue-wave-cream-background--14\" style=\"margin-top:0px;padding-top:70px;padding-bottom:90px\">\n<div class=\"wp-block-columns alignwide is-layout-flex wp-container-core-columns-is-layout-01159bbe wp-block-columns-is-layout-flex\">\n<div class=\"wp-block-column left-column is-layout-flow wp-block-column-is-layout-flow\">\n<h2 class=\"wp-block-heading is-style-step-title has-ocean-color is-style-step-title--15\">Have a real impact<\/h2>\n\n\n\n<p class=\"has-large-font-size\" style=\"margin-top:62px;font-style:normal;font-weight:300;line-height:1.75rem\"><strong>Making circular economy strategies part of your activities or your business model is more than just an environmental act, it\u2019s an approach that enables significant gains in many areas for your business<\/strong>. For example: reduced operating costs, employee retention, brand promotion with partners and consumers, stimulating innovation and creating new market opportunities. Transform your challenges into leverage for sustainable, responsible growth.<\/p>\n\n\n\n<p class=\"has-large-font-size\" style=\"margin-top:62px;font-style:normal;font-weight:300;line-height:1.75rem\">In Quebec and Montr\u00e9al, we share a collective ambition: to build a more circular economy. There\u2019s an entire support ecosystem contributing to this effort. <strong>Explore the orientations that will help us reach this goal.&nbsp;<\/strong><\/p>\n\n\n\n<ul class=\"wp-block-list\">\n<li><a href=\"https:\/\/www.quebec.ca\/gouvernement\/politiques-orientations\/developpement-durable\/strategie-gouvernementale\/feuille-route-gouvernementale-economie-circulaire\"><span style=\"text-decoration: underline;\">Government Circular Economy Roadmap 2024-2028<\/span>,<\/a> Government of Qu\u00e9bec&nbsp;<\/li>\n<\/ul>\n\n\n\n<ul class=\"wp-block-list\">\n<li><span style=\"text-decoration: underline;\"><a href=\"https:\/\/portail-m4s.s3.montreal.ca\/pdf\/1503-01-economie-circulaire-document_85x11_vf_0.pdf\">2024-2030 Montr\u00e9al Circular Economy Roadmap<\/a><\/span>, Ville de Montr\u00e9al&nbsp;<\/li>\n<\/ul>\n\n\n\n<div class=\"wp-block-buttons is-layout-flex wp-block-buttons-is-layout-flex\" style=\"margin-top:86px\">\n<div class=\"wp-block-button\"><a class=\"wp-block-button__link wp-element-button\" href=\"https:\/\/impactcirculaire.ccmm.ca\/en\/explore\/\">Explore<\/a><\/div>\n<\/div>\n<\/div>\n\n\n\n<div class=\"wp-block-column right-column is-vertical is-content-justification-right is-layout-flex wp-container-core-column-is-layout-47656658 wp-block-column-is-layout-flex\">\n<div class=\"wp-block-group has-base-background-color is-style-card-style is-layout-flex wp-block-group-is-layout-flex is-style-card-style--16\">\n<p class=\"has-ocean-color has-card-data-font-size\" style=\"font-style:normal;font-weight:700;line-height:8rem\">2,5 % <\/p>\n\n\n\n<p class=\"has-large-font-size\" style=\"margin-top:30px;font-style:normal;font-weight:300;line-height:1.875rem\">It\u2019s the circularity rate of the Quebec economy.&nbsp;<\/p>\n\n\n\n<p class=\"has-small-font-size\" style=\"font-style:normal;font-weight:300;line-height:1.875rem\">(Source : <a href=\"https:\/\/www.recyc-quebec.gouv.qc.ca\/actualite\/mise-a-jour-de-lindice-de-circularite-du-quebec\/\">RECYC-QU\u00c9BEC, 2025<\/a>)<\/p>\n<\/div>\n\n\n\n<div class=\"wp-block-group has-base-background-color is-style-card-style is-layout-flex wp-block-group-is-layout-flex is-style-card-style--17\">\n<p class=\"has-ocean-color has-card-data-font-size\" style=\"font-style:normal;font-weight:700;line-height:8rem\"><strong>401 M<\/strong><\/p>\n\n\n\n<p class=\"has-large-font-size\" style=\"margin-top:30px;font-style:normal;font-weight:300;line-height:1.875rem\">It\u2019s the number of tons of resources consumed every year in Quebec.&nbsp;<\/p>\n\n\n\n<p class=\"has-small-font-size\" style=\"font-style:normal;font-weight:300;line-height:1.875rem\">(Source : <a href=\"https:\/\/www.recyc-quebec.gouv.qc.ca\/actualite\/mise-a-jour-de-lindice-de-circularite-du-quebec\/\">RECYC-QU\u00c9BEC, 2025<\/a>)<\/p>\n<\/div>\n<\/div>\n<\/div>\n<\/div>\n","protected":false},"excerpt":{"rendered":"<p>Circular Impact As part of Concrete actions for adopting circular economy practices in businesses as part of convertgence Learn more about the circular economy&nbsp; The circular economy optimizes the use of available resources by rethinking the life cycle of products and services to minimize their environmental impact. It reinforces a collaborative and local purchasing approach [&hellip;]<\/p>\n","protected":false},"author":1,"featured_media":0,"parent":0,"menu_order":0,"comment_status":"closed","ping_status":"closed","template":"","meta":{"footnotes":""},"class_list":["post-75","page","type-page","status-publish","hentry"],"_links":{"self":[{"href":"https:\/\/impactcirculaire.ccmm.ca\/en\/wp-json\/wp\/v2\/pages\/75","targetHints":{"allow":["GET"]}}],"collection":[{"href":"https:\/\/impactcirculaire.ccmm.ca\/en\/wp-json\/wp\/v2\/pages"}],"about":[{"href":"https:\/\/impactcirculaire.ccmm.ca\/en\/wp-json\/wp\/v2\/types\/page"}],"author":[{"embeddable":true,"href":"https:\/\/impactcirculaire.ccmm.ca\/en\/wp-json\/wp\/v2\/users\/1"}],"replies":[{"embeddable":true,"href":"https:\/\/impactcirculaire.ccmm.ca\/en\/wp-json\/wp\/v2\/comments?post=75"}],"version-history":[{"count":29,"href":"https:\/\/impactcirculaire.ccmm.ca\/en\/wp-json\/wp\/v2\/pages\/75\/revisions"}],"predecessor-version":[{"id":1499,"href":"https:\/\/impactcirculaire.ccmm.ca\/en\/wp-json\/wp\/v2\/pages\/75\/revisions\/1499"}],"wp:attachment":[{"href":"https:\/\/impactcirculaire.ccmm.ca\/en\/wp-json\/wp\/v2\/media?parent=75"}],"curies":[{"name":"wp","href":"https:\/\/api.w.org\/{rel}","templated":true}]}}